{"id":607,"date":"2018-10-17T20:11:08","date_gmt":"2018-10-17T19:11:08","guid":{"rendered":"http:\/\/www.srg-riss.de\/?page_id=607"},"modified":"2025-11-21T10:01:30","modified_gmt":"2025-11-21T09:01:30","slug":"neulingskurs-2019","status":"publish","type":"page","link":"http:\/\/www.srg-riss.de\/?page_id=607","title":{"rendered":"Neulingskurs 2026"},"content":{"rendered":"<p>Im Januar 2026 richtet die Schiedsrichtergruppe Riss wieder einen Neulingskurs f\u00fcr Schiedsrichter aus.<\/p>\n<p>Leider ist die Fu\u00dfballwelt, insbesondere im Jugend- und Amateurbereich, heutzutage mit viel zu wenigen Schiedsrichtern gesegnet. Auch in der Schirigruppe Riss sieht das nicht anders aus. Lange schien es undenkbar, dass Spiele im Jugend- oder Reservebereich nicht mehr mit gepr\u00fcften Schiedsrichtern besetzt werden k\u00f6nnen. Leider sind wir an diesem Umstand mittlerweile angekommen.<\/p>\n<p>Dabei ist das Amt des Schiedsrichters ein sehr erf\u00fcllendes: es winkt eine Aufwandsentsch\u00e4digung plus Fahrtkostenerstattung pro Spiel, man schlie\u00dft neue Freundschaften mit Gleichgesinnten auf und neben dem Fu\u00dfballplatz, man verbringt gesellige Abende in fu\u00dfballverr\u00fcckten Runden, man sieht das Fu\u00dfballspiel aus einer anderen Perspektive, man entwickelt seine Pers\u00f6nlichkeit weiter und und und.<\/p>\n<p>Wem dies noch nicht genug Anreize sind, dem sei der unverbindliche<strong> Info- Abend<\/strong> am <strong>08.01.26 um 18.30 Uhr<\/strong> im Sportheim der TSG Maselheim- Sulmingen ans Herz gelegt. Hier kann sich jeder ohne Verpflichtungen ein Bild vom Amt des Schiedsrichters machen.<\/p>\n<p>Die Lerneinheiten finden, beginnend ab dem 14.01.2026, eine davon Online, statt. Wenige Tage sp\u00e4ter, am Montag, den 26.01.2026, schreibt Ihr bereits die Pr\u00fcfung.\u00a0<\/p>\n<p><span style=\"font-size: revert;\"><b>Anmeldung: <a href=\"https:\/\/www.dfbnet.org\/vkal\/mod_vkal\/webflow.do?event=ANGEBOT_NEW&amp;dmg_company=WFV&amp;params.bereichId=014EAA47L4000000VV0AG80NVUO4DMPD\">Anmeldung NLK Riss<\/a><\/b><\/span><\/p>\n<p><a href=\"http:\/\/www.srg-riss.de\/wp-content\/uploads\/2025\/11\/Screenshot-2025-11-21-100047.png\"><img loading=\"lazy\" class=\"alignnone  wp-image-2823\" src=\"http:\/\/www.srg-riss.de\/wp-content\/uploads\/2025\/11\/Screenshot-2025-11-21-100047-300x71.png\" alt=\"\" width=\"359\" height=\"85\" srcset=\"http:\/\/www.srg-riss.de\/wp-content\/uploads\/2025\/11\/Screenshot-2025-11-21-100047-300x71.png 300w, http:\/\/www.srg-riss.de\/wp-content\/uploads\/2025\/11\/Screenshot-2025-11-21-100047.png 508w\" sizes=\"(max-width: 359px) 100vw, 359px\" \/><\/a><\/p>\n<p>Ausbildungsplan -&gt; <a href=\"http:\/\/www.srg-riss.de\/wp-content\/uploads\/2025\/11\/Ausbildungsplan-NLK-2026.pdf\" target=\"_blank\" rel=\"noopener\">HIER!<\/a>\u00a0<\/p>\n<p><strong>Alle Termine des Neulingskurses:<\/strong><\/p>\n<p>14.01.2026 18:30-20:30 Uhr<\/p>\n<p>16.01.2026 18:30-20:30 Uhr<\/p>\n<p>18.01.2026 10:00- 12:00 Uhr<\/p>\n<p>18.01.2026 12:30- 14:00 Uhr<\/p>\n<p>20.01.2026 18:30-20:30 Uhr\u00a0<\/p>\n<p>22.01.2026 18:30-20:30 Uhr<\/p>\n<p>26.01.2026 18:30- 20:00 (Pr\u00fcfung)<\/p>\n<p>26.01.2026 20:00- 21:00 Uhr (Praxis, wetterabh\u00e4ngig)<\/p>\n<p>Ansprechpartner f\u00fcr Interessenten innerhalb der SRG ist Fabian Hipp (neulingskurs-riss@web.de)<\/p>\n\n\n<figure class=\"wp-block-image\"><img alt=\"\"\/><\/figure>\n\n\n\n<figure class=\"wp-block-image\"><img alt=\"\"\/><\/figure>\n\n\n\n<figure class=\"wp-block-image\"><img alt=\"\"\/><\/figure>\n\n\n\n<figure class=\"wp-block-image\"><img alt=\"\"\/><\/figure>\n\n\n\n<figure class=\"wp-block-image\"><img alt=\"\"\/><\/figure>\n\n\n\n<figure class=\"wp-block-image\"><img alt=\"\"\/><\/figure>\n\n\n\n<figure class=\"wp-block-image\"><img alt=\"\"\/><\/figure>\n\n\n\n<figure class=\"wp-block-image size-full\"><a href=\"http:\/\/www.srg-riss.de\/wp-content\/uploads\/2025\/11\/WhatsApp-Image-2025-11-11-at-16.42.16.jpeg\"><img loading=\"lazy\" width=\"954\" height=\"633\" src=\"http:\/\/www.srg-riss.de\/wp-content\/uploads\/2025\/11\/WhatsApp-Image-2025-11-11-at-16.42.16.jpeg\" alt=\"\" class=\"wp-image-2812\" srcset=\"http:\/\/www.srg-riss.de\/wp-content\/uploads\/2025\/11\/WhatsApp-Image-2025-11-11-at-16.42.16.jpeg 954w, http:\/\/www.srg-riss.de\/wp-content\/uploads\/2025\/11\/WhatsApp-Image-2025-11-11-at-16.42.16-300x199.jpeg 300w, http:\/\/www.srg-riss.de\/wp-content\/uploads\/2025\/11\/WhatsApp-Image-2025-11-11-at-16.42.16-768x510.jpeg 768w, http:\/\/www.srg-riss.de\/wp-content\/uploads\/2025\/11\/WhatsApp-Image-2025-11-11-at-16.42.16-624x414.jpeg 624w\" sizes=\"(max-width: 954px) 100vw, 954px\" \/><\/a><\/figure>\n\n\n\n<figure class=\"wp-block-image size-full\"><a href=\"http:\/\/www.srg-riss.de\/wp-content\/uploads\/2023\/11\/SR2.png\"><img loading=\"lazy\" width=\"675\" height=\"945\" src=\"http:\/\/www.srg-riss.de\/wp-content\/uploads\/2023\/11\/SR2.png\" alt=\"\" class=\"wp-image-2445\" srcset=\"http:\/\/www.srg-riss.de\/wp-content\/uploads\/2023\/11\/SR2.png 675w, http:\/\/www.srg-riss.de\/wp-content\/uploads\/2023\/11\/SR2-214x300.png 214w, http:\/\/www.srg-riss.de\/wp-content\/uploads\/2023\/11\/SR2-624x874.png 624w\" sizes=\"(max-width: 675px) 100vw, 675px\" \/><\/a><\/figure>\n","protected":false},"excerpt":{"rendered":"<p>Im Januar 2026 richtet die Schiedsrichtergruppe Riss wieder einen Neulingskurs f\u00fcr Schiedsrichter aus. Leider ist die Fu\u00dfballwelt, insbesondere im Jugend- und Amateurbereich, heutzutage mit viel zu wenigen Schiedsrichtern gesegnet. Auch in der Schirigruppe Riss sieht das nicht anders aus. Lange schien es undenkbar, dass Spiele im Jugend- oder Reservebereich nicht mehr mit gepr\u00fcften Schiedsrichtern besetzt [&hellip;]<\/p>\n","protected":false},"author":2,"featured_media":0,"parent":0,"menu_order":0,"comment_status":"closed","ping_status":"closed","template":"","meta":[],"_links":{"self":[{"href":"http:\/\/www.srg-riss.de\/index.php?rest_route=\/wp\/v2\/pages\/607"}],"collection":[{"href":"http:\/\/www.srg-riss.de\/index.php?rest_route=\/wp\/v2\/pages"}],"about":[{"href":"http:\/\/www.srg-riss.de\/index.php?rest_route=\/wp\/v2\/types\/page"}],"author":[{"embeddable":true,"href":"http:\/\/www.srg-riss.de\/index.php?rest_route=\/wp\/v2\/users\/2"}],"replies":[{"embeddable":true,"href":"http:\/\/www.srg-riss.de\/index.php?rest_route=%2Fwp%2Fv2%2Fcomments&post=607"}],"version-history":[{"count":56,"href":"http:\/\/www.srg-riss.de\/index.php?rest_route=\/wp\/v2\/pages\/607\/revisions"}],"predecessor-version":[{"id":2825,"href":"http:\/\/www.srg-riss.de\/index.php?rest_route=\/wp\/v2\/pages\/607\/revisions\/2825"}],"wp:attachment":[{"href":"http:\/\/www.srg-riss.de\/index.php?rest_route=%2Fwp%2Fv2%2Fmedia&parent=607"}],"curies":[{"name":"wp","href":"https:\/\/api.w.org\/{rel}","templated":true}]}}