{"id":42,"date":"2014-01-14T17:04:34","date_gmt":"2014-01-14T16:04:34","guid":{"rendered":"http:\/\/www.srg-riss.de\/?page_id=42"},"modified":"2026-03-04T16:55:56","modified_gmt":"2026-03-04T15:55:56","slug":"downloads","status":"publish","type":"page","link":"http:\/\/www.srg-riss.de\/?page_id=42","title":{"rendered":"Downloads"},"content":{"rendered":"<h4><span style=\"color: #000000;\">Allgemein<br \/><\/span><\/h4>\n<p><a href=\"http:\/\/www.srg-riss.de\/wp-content\/uploads\/2024\/07\/Aufwandsentschaedigung-01-07-2024-Stand-Juli-2024.pdf\" target=\"_blank\" rel=\"noopener\">\u00dcbersicht Aufwandsentsch\u00e4digung (neu ab 01.07.24)<\/a><\/p>\n<h4><span style=\"color: #000000;\">Formulare<\/span><\/h4>\n<p><a href=\"http:\/\/www.srg-riss.de\/wp-content\/uploads\/2025\/03\/Betreuungsbogen-neu-1.doc\">Betreuungsbogen f\u00fcr Neulinge<\/a><\/p>\n<p><span style=\"color: #008000;\"><a style=\"color: #008000;\" href=\"http:\/\/www.srg-riss.de\/wp-content\/uploads\/2025\/11\/Sonderbericht-zum-Feldverweis-nach-Roter-Karte-11-2025_beschreibbar.pdf\" target=\"_blank\" rel=\"noopener noreferrer\"><span style=\"color: #000000;\">Meldung von Feldverweisen (ab 11\/2025)<\/span><\/a><\/span><\/p>\n<p><a href=\"http:\/\/www.srg-riss.de\/wp-content\/uploads\/2024\/09\/Formular_Meldung_Vorkkommnis_Stopp_Spielabbruch_beschreibbar.pdf\">Meldung ohne FAD (Vorkommnis, Stopp, Spielabbruch)<\/a><\/p>\n<h4><span style=\"color: #000000;\">Merkbl\u00e4tter<\/span><\/h4>\n<p><span style=\"color: #008000;\"><a style=\"color: #008000;\" href=\"https:\/\/www.wuerttfv.de\/app\/uploads\/2025\/01\/SR-Merkblatt_2025-2026-1.pdf\" target=\"_blank\" rel=\"noopener noreferrer\"><span style=\"color: #ff0000;\">Schiedsrichter- Merkblatt 2025\/2026<\/span><\/a><\/span><\/p>\n<p><a href=\"https:\/\/www.wuerttfv.de\/app\/uploads\/2025\/01\/Durchfuehrungsbestimmungen-Flex-Modell-2025-2026.pdf\" target=\"_blank\" rel=\"noopener\">Durchf\u00fchrungsbestimmungen Flex-Modell<\/a><\/p>\n<p><span style=\"color: #000000;\"><a style=\"color: #000000;\" href=\"http:\/\/www.srg-riss.de\/wp-content\/uploads\/2025\/11\/Futsal-Merkblatt-Schiedsrichter-2025-26.pdf\" target=\"_blank\" rel=\"noopener noreferrer\">Futsal Merkblatt f\u00fcr Schiedsrichter 2025\/2026<\/a><\/span><\/p>\n<p><span style=\"color: #000000;\"><a style=\"color: #000000;\" href=\"http:\/\/www.srg-riss.de\/wp-content\/uploads\/2014\/09\/Futsal-Spielregeln_kompakt_f\u00fcr_Vereine_2014.pdf\" target=\"_blank\" rel=\"noopener noreferrer\">WFV-Futsal-Spielregeln-kompakt<\/a><\/span><\/p>\n<p><a href=\"https:\/\/assets.ctfassets.net\/1mgney1of7oi\/rJi7WhM1Tq6EuKgkuC48y\/29bf2ad4a85aa232f7aa8ce17126c677\/Zus_tzliche_Erl_uterungen_Bestimmungen_Spielregeln__Vereins-Hallenturniere_2018.pdf\">Erl\u00e4uterungen zu Hallenregeln<\/a><\/p>\n<p><span style=\"color: #008000;\"><a style=\"color: #008000;\" href=\"https:\/\/www.wuerttfv.de\/app\/uploads\/2025\/01\/Spielfelder-Jugendfussball-2025_26-1.pdf\" target=\"_blank\" rel=\"noopener noreferrer\"><span style=\"color: #ff0000;\">\u00dcbersicht Spielfelder 2025\/2026<\/span><\/a><\/span><\/p>\n<p><span style=\"color: #000000;\"><a id=\"www.srg-riss.de\" style=\"color: #000000;\" title=\"Bespielbarkeit des Platzes\" href=\"http:\/\/www.srg-riss.de\/wp-content\/uploads\/2014\/01\/Hinweise-Bespielbarkeit-des-Platzes.pdf\" target=\"_blank\" rel=\"noopener noreferrer\" name=\"www.srg-riss.de\">Bespielbarkeit des Platzes<\/a><\/span><\/p>\n<p><span style=\"color: #000000;\"><a id=\"www.srg-riss.de\" style=\"color: #000000;\" title=\"Hallenregeln\" href=\"https:\/\/www.wuerttfv.de\/app\/uploads\/2023\/08\/Erlaeuterungen-zu-Hallenfussballturnieren-im-wfv-2024.pdf\" target=\"_blank\" rel=\"noopener noreferrer\" name=\"www.srg-riss.de\">Merkblatt Hallenfu\u00dfball<\/a><\/span><\/p>\n<p><span style=\"color: #000000;\"><a style=\"color: #000000;\" href=\"http:\/\/www.srg-riss.de\/wp-content\/uploads\/2014\/02\/Merkblatt-Austauch-WFV-BFV-2013-2014.pdf\" target=\"_blank\" rel=\"noopener noreferrer\">Merkblatt Austausch Bayrischer Fu\u00dfballverband<\/a><\/span><\/p>\n<p><a href=\"https:\/\/www.wuerttfv.de\/app\/uploads\/2022\/07\/Spielaustausch-mit-Bayern-Zeitstrafe-Saison-2022-23.pdf\" target=\"_blank\" rel=\"noopener\">Info Zeitstrafe f\u00fcr Spiele in Bayern<\/a><\/p>\n<p><span style=\"color: #000000;\"><strong>Sonstiges<\/strong><\/span><\/p>\n<p><span style=\"color: #008000;\"><a style=\"color: #008000;\" href=\"http:\/\/www.srg-riss.de\/wp-content\/uploads\/2016\/07\/wfv-Schiedsrichter-Merkblatt-Kfz-Zusatz-2016.pdf\" target=\"_blank\" rel=\"noopener noreferrer\">Hinweise zur KFZ- Versicherung (ab 07\/2016) <\/a><\/span><\/p>\n\n\n<p>Weitere Dokumente findet Ihr auch auf der Homepage des wfv: <a href=\"https:\/\/www.wuerttfv.de\/spielbetrieb\/schiedsrichter\/regeln-und-dokumente\/\" target=\"_blank\" rel=\"noreferrer noopener\">hier<\/a>.<\/p>\n","protected":false},"excerpt":{"rendered":"<p>Allgemein \u00dcbersicht Aufwandsentsch\u00e4digung (neu ab 01.07.24) Formulare Betreuungsbogen f\u00fcr Neulinge Meldung von Feldverweisen (ab 11\/2025) Meldung ohne FAD (Vorkommnis, Stopp, Spielabbruch) Merkbl\u00e4tter Schiedsrichter- Merkblatt 2025\/2026 Durchf\u00fchrungsbestimmungen Flex-Modell Futsal Merkblatt f\u00fcr Schiedsrichter 2025\/2026 WFV-Futsal-Spielregeln-kompakt Erl\u00e4uterungen zu Hallenregeln \u00dcbersicht Spielfelder 2025\/2026 Bespielbarkeit des Platzes Merkblatt Hallenfu\u00dfball Merkblatt Austausch Bayrischer Fu\u00dfballverband Info Zeitstrafe f\u00fcr Spiele in Bayern Sonstiges [&hellip;]<\/p>\n","protected":false},"author":1,"featured_media":0,"parent":0,"menu_order":3,"comment_status":"closed","ping_status":"closed","template":"","meta":[],"_links":{"self":[{"href":"http:\/\/www.srg-riss.de\/index.php?rest_route=\/wp\/v2\/pages\/42"}],"collection":[{"href":"http:\/\/www.srg-riss.de\/index.php?rest_route=\/wp\/v2\/pages"}],"about":[{"href":"http:\/\/www.srg-riss.de\/index.php?rest_route=\/wp\/v2\/types\/page"}],"author":[{"embeddable":true,"href":"http:\/\/www.srg-riss.de\/index.php?rest_route=\/wp\/v2\/users\/1"}],"replies":[{"embeddable":true,"href":"http:\/\/www.srg-riss.de\/index.php?rest_route=%2Fwp%2Fv2%2Fcomments&post=42"}],"version-history":[{"count":91,"href":"http:\/\/www.srg-riss.de\/index.php?rest_route=\/wp\/v2\/pages\/42\/revisions"}],"predecessor-version":[{"id":2861,"href":"http:\/\/www.srg-riss.de\/index.php?rest_route=\/wp\/v2\/pages\/42\/revisions\/2861"}],"wp:attachment":[{"href":"http:\/\/www.srg-riss.de\/index.php?rest_route=%2Fwp%2Fv2%2Fmedia&parent=42"}],"curies":[{"name":"wp","href":"https:\/\/api.w.org\/{rel}","templated":true}]}}