{"id":137,"date":"2014-01-15T17:47:00","date_gmt":"2014-01-15T16:47:00","guid":{"rendered":"http:\/\/www.srg-riss.de\/?page_id=137"},"modified":"2018-05-24T19:26:24","modified_gmt":"2018-05-24T18:26:24","slug":"impressum","status":"publish","type":"page","link":"http:\/\/www.srg-riss.de\/?page_id=137","title":{"rendered":"Impressum"},"content":{"rendered":"<h1><span style=\"line-height: 1.714285714; font-size: 1rem;\">Angaben gem\u00e4\u00df \u00a7 5 TMG:<\/span><\/h1>\n<p>Die Schiedsrichtergruppe Riss ist eine Schiedsrichtervereinigung welche dem W\u00fcrttembergischen Fu\u00dfballverband e.V. angeh\u00f6rt.<\/p>\n<p>VereinigungVertretungsberechtigter<br \/>\nJochen Oelmayer<br \/>\nObmann<br \/>\nOrthalde 5<br \/>\n88471 Laupheim<\/p>\n<h2>Kontakt:<\/h2>\n<p>Telefon:\u00a00172 7378113<br \/>\nE-Mail:\u00a0obmann@srg-riss.de<\/p>\n<p>Haftungsausschluss<\/p>\n<p>Alles Informationen wurden von uns mit Sorgfalt erstellt und ausgew\u00e4hlt. Wir \u00fcbernehmen aber keine Gew\u00e4hr f\u00fcr Richtigkeit, Vollst\u00e4ndigkeit und Aktualit\u00e4t der Informationen in unserem Internetangebot. Die Nutzung des Internetangebots erfolgt also auf Ihre eigene Gefahr. F\u00fcr die Links, die sich auf den Seiten befinden, gilt folgendes: F\u00fcr den Inhalt externer Websites ist ausschlie\u00dflich der jeweilige Autor selbst verantwortlich ! Wir haben keinen Einfluss auf die Gestaltung und die Inhalte der Seiten, auf die wir mit einem Links verweisen. Deshalb \u00fcbernehmen wir f\u00fcr deren Inhalten keine Verantwortung.<\/p>\n<p>&nbsp;<\/p>\n<p>Vertreter im Sinne des Presserechts (V.i.S.d.P.)<br \/>\nund Webmaster:<\/p>\n<p>Felix Maucher<br \/>\nBlumenstr. 3<br \/>\n88400 Biberach<br \/>\nTelefon: 07351 &#8211; 429 1832<br \/>\nMail:\u00a0felix.maucher@t-online.de<\/p>\n<p><strong>\u00a0<\/strong><\/p>\n","protected":false},"excerpt":{"rendered":"<p>Angaben gem\u00e4\u00df \u00a7 5 TMG: Die Schiedsrichtergruppe Riss ist eine Schiedsrichtervereinigung welche dem W\u00fcrttembergischen Fu\u00dfballverband e.V. angeh\u00f6rt. VereinigungVertretungsberechtigter Jochen Oelmayer Obmann Orthalde 5 88471 Laupheim Kontakt: Telefon:\u00a00172 7378113 E-Mail:\u00a0obmann@srg-riss.de Haftungsausschluss Alles Informationen wurden von uns mit Sorgfalt erstellt und ausgew\u00e4hlt. Wir \u00fcbernehmen aber keine Gew\u00e4hr f\u00fcr Richtigkeit, Vollst\u00e4ndigkeit und Aktualit\u00e4t der Informationen in unserem Internetangebot. [&hellip;]<\/p>\n","protected":false},"author":1,"featured_media":0,"parent":0,"menu_order":0,"comment_status":"closed","ping_status":"open","template":"","meta":[],"_links":{"self":[{"href":"http:\/\/www.srg-riss.de\/index.php?rest_route=\/wp\/v2\/pages\/137"}],"collection":[{"href":"http:\/\/www.srg-riss.de\/index.php?rest_route=\/wp\/v2\/pages"}],"about":[{"href":"http:\/\/www.srg-riss.de\/index.php?rest_route=\/wp\/v2\/types\/page"}],"author":[{"embeddable":true,"href":"http:\/\/www.srg-riss.de\/index.php?rest_route=\/wp\/v2\/users\/1"}],"replies":[{"embeddable":true,"href":"http:\/\/www.srg-riss.de\/index.php?rest_route=%2Fwp%2Fv2%2Fcomments&post=137"}],"version-history":[{"count":7,"href":"http:\/\/www.srg-riss.de\/index.php?rest_route=\/wp\/v2\/pages\/137\/revisions"}],"predecessor-version":[{"id":1576,"href":"http:\/\/www.srg-riss.de\/index.php?rest_route=\/wp\/v2\/pages\/137\/revisions\/1576"}],"wp:attachment":[{"href":"http:\/\/www.srg-riss.de\/index.php?rest_route=%2Fwp%2Fv2%2Fmedia&parent=137"}],"curies":[{"name":"wp","href":"https:\/\/api.w.org\/{rel}","templated":true}]}}